{"id":5774,"date":"2024-12-05T18:34:35","date_gmt":"2024-12-05T17:34:35","guid":{"rendered":"https:\/\/www.gstech.at\/testsuntracker\/?page_id=5774"},"modified":"2024-12-05T18:39:56","modified_gmt":"2024-12-05T17:39:56","slug":"datenschutz","status":"publish","type":"page","link":"https:\/\/www.gstech.at\/testsuntracker\/datenschutz\/","title":{"rendered":"Datenschutz"},"content":{"rendered":"\n<div class=\"wp-block-uagb-container uagb-block-9c517222 alignfull uagb-is-root-container\"><div class=\"uagb-container-inner-blocks-wrap\"><\/div><\/div>\n\n\n\n<div class=\"wp-block-uagb-container uagb-block-40e20d60 alignfull uagb-is-root-container\"><div class=\"uagb-container-inner-blocks-wrap\">\n<div class=\"wp-block-uagb-info-box uagb-block-a99d9af5 uagb-infobox__content-wrap  uagb-infobox-icon-above-title uagb-infobox-image-valign-top wp-block-uagb-info-box--has-margin\"><div class=\"uagb-infobox-margin-wrapper\"><div class=\"uagb-ifb-content\"><div class=\"uagb-ifb-title-wrap\"><h2 class=\"uagb-ifb-title\">Datenschutzerkl\u00e4rung<\/h2><\/div><p class=\"uagb-ifb-desc\"><strong>Einleitung &amp; \u00dcberblick<\/strong><br>Wir haben diese Datenschutzerkl\u00e4rung (Stand: 17.05.2023-112505938) erstellt, um Ihnen gem\u00e4\u00df der Vorgaben der <strong>Datenschutz-Grundverordnung (DSGVO) (EU) 2016\/679<\/strong> und den anwendbaren nationalen Gesetzen zu erl\u00e4utern:<br>Welche <strong>personenbezogenen Daten<\/strong> (kurz: Daten) wir als Verantwortliche sowie die von uns beauftragten <strong>Auftragsverarbeiter<\/strong> (z. B. Provider) verarbeiten und zuk\u00fcnftig verarbeiten werden.<br>Welche <strong>rechtlichen M\u00f6glichkeiten<\/strong> Sie dabei haben.<br><strong>Kurz gesagt:<\/strong> Wir m\u00f6chten Sie umfassend und transparent \u00fcber die Daten informieren, die wir \u00fcber Sie verarbeiten.<br><br><strong>Unsere Herangehensweise<\/strong><br>Datenschutzerkl\u00e4rungen sind oft sehr technisch und gespickt mit juristischen Fachbegriffen. Diese Datenschutzerkl\u00e4rung verfolgt hingegen das Ziel, die wichtigsten Informationen m\u00f6glichst <strong>einfach<\/strong>, <strong>verst\u00e4ndlich<\/strong> und <strong>transparent<\/strong> darzustellen:<br><strong>Technische Begriffe<\/strong> werden, soweit sinnvoll, in einer <strong>leserfreundlichen Sprache<\/strong> erkl\u00e4rt.<br><strong>Weiterf\u00fchrende Informationen<\/strong> sind durch Links verf\u00fcgbar.<br><strong>Grafiken<\/strong> unterst\u00fctzen die Verst\u00e4ndlichkeit.<br><strong>Wichtig:<\/strong> Wir verarbeiten personenbezogene Daten nur dann, wenn eine entsprechende <strong>gesetzliche Grundlage<\/strong> gegeben ist. Klare und verst\u00e4ndliche Erkl\u00e4rungen sind uns ein Anliegen, da knappe, unklare und juristisch-technische Darstellungen h\u00e4ufig zu Verwirrung f\u00fchren.<br><br><strong>Unser Ziel<\/strong><br>Wir m\u00f6chten, dass Sie diese Datenschutzerkl\u00e4rung als <strong>informativ<\/strong> und <strong>interessant<\/strong> empfinden \u2013 und vielleicht erfahren Sie sogar etwas, das Ihnen noch nicht bekannt war. Sollten dennoch Fragen offenbleiben, stehen wir Ihnen gerne zur Verf\u00fcgung.<br><br><strong>Kontakt und weiterf\u00fchrende Informationen<\/strong><br>F\u00fcr Fragen oder Anmerkungen:<br>Wenden Sie sich bitte an die unten oder im Impressum genannte <strong>verantwortliche Stelle<\/strong>.<br>Nutzen Sie die <strong>verlinkten Informationen<\/strong> oder besuchen Sie <strong>Drittseiten<\/strong> f\u00fcr weiterf\u00fchrende Inhalte.<br>Unsere Kontaktdaten finden Sie selbstverst\u00e4ndlich ebenfalls im <strong>Impressum<\/strong>.<\/p><\/div><\/div><\/div>\n<\/div><\/div>\n\n\n\n<p><\/p>\n","protected":false},"excerpt":{"rendered":"","protected":false},"author":1,"featured_media":0,"parent":0,"menu_order":0,"comment_status":"closed","ping_status":"closed","template":"","meta":{"_uag_custom_page_level_css":"","site-sidebar-layout":"default","site-content-layout":"","ast-site-content-layout":"default","site-content-style":"default","site-sidebar-style":"default","ast-global-header-display":"","ast-banner-title-visibility":"","ast-main-header-display":"","ast-hfb-above-header-display":"","ast-hfb-below-header-display":"","ast-hfb-mobile-header-display":"","site-post-title":"disabled","ast-breadcrumbs-content":"","ast-featured-img":"","footer-sml-layout":"","theme-transparent-header-meta":"","adv-header-id-meta":"","stick-header-meta":"","header-above-stick-meta":"","header-main-stick-meta":"","header-below-stick-meta":"","astra-migrate-meta-layouts":"set","ast-page-background-enabled":"default","ast-page-background-meta":{"desktop":{"background-color":"var(--ast-global-color-4)","background-image":"","background-repeat":"repeat","background-position":"center center","background-size":"auto","background-attachment":"scroll","background-type":"","background-media":"","overlay-type":"","overlay-color":"","overlay-opacity":"","overlay-gradient":""},"tablet":{"background-color":"","background-image":"","background-repeat":"repeat","background-position":"center center","background-size":"auto","background-attachment":"scroll","background-type":"","background-media":"","overlay-type":"","overlay-color":"","overlay-opacity":"","overlay-gradient":""},"mobile":{"background-color":"","background-image":"","background-repeat":"repeat","background-position":"center center","background-size":"auto","background-attachment":"scroll","background-type":"","background-media":"","overlay-type":"","overlay-color":"","overlay-opacity":"","overlay-gradient":""}},"ast-content-background-meta":{"desktop":{"background-color":"var(--ast-global-color-5)","background-image":"","background-repeat":"repeat","background-position":"center center","background-size":"auto","background-attachment":"scroll","background-type":"","background-media":"","overlay-type":"","overlay-color":"","overlay-opacity":"","overlay-gradient":""},"tablet":{"background-color":"var(--ast-global-color-5)","background-image":"","background-repeat":"repeat","background-position":"center center","background-size":"auto","background-attachment":"scroll","background-type":"","background-media":"","overlay-type":"","overlay-color":"","overlay-opacity":"","overlay-gradient":""},"mobile":{"background-color":"var(--ast-global-color-5)","background-image":"","background-repeat":"repeat","background-position":"center center","background-size":"auto","background-attachment":"scroll","background-type":"","background-media":"","overlay-type":"","overlay-color":"","overlay-opacity":"","overlay-gradient":""}},"ngg_post_thumbnail":0,"footnotes":""},"class_list":["post-5774","page","type-page","status-publish","hentry"],"uagb_featured_image_src":{"full":false,"thumbnail":false,"medium":false,"medium_large":false,"large":false,"1536x1536":false,"2048x2048":false},"uagb_author_info":{"display_name":"GS Technik Produktions-und VertriebsGmbH","author_link":"https:\/\/www.gstech.at\/testsuntracker\/author\/gs-technik-produktions-und-vertriebsgmbh\/"},"uagb_comment_info":0,"uagb_excerpt":null,"_links":{"self":[{"href":"https:\/\/www.gstech.at\/testsuntracker\/wp-json\/wp\/v2\/pages\/5774","targetHints":{"allow":["GET"]}}],"collection":[{"href":"https:\/\/www.gstech.at\/testsuntracker\/wp-json\/wp\/v2\/pages"}],"about":[{"href":"https:\/\/www.gstech.at\/testsuntracker\/wp-json\/wp\/v2\/types\/page"}],"author":[{"embeddable":true,"href":"https:\/\/www.gstech.at\/testsuntracker\/wp-json\/wp\/v2\/users\/1"}],"replies":[{"embeddable":true,"href":"https:\/\/www.gstech.at\/testsuntracker\/wp-json\/wp\/v2\/comments?post=5774"}],"version-history":[{"count":2,"href":"https:\/\/www.gstech.at\/testsuntracker\/wp-json\/wp\/v2\/pages\/5774\/revisions"}],"predecessor-version":[{"id":5777,"href":"https:\/\/www.gstech.at\/testsuntracker\/wp-json\/wp\/v2\/pages\/5774\/revisions\/5777"}],"wp:attachment":[{"href":"https:\/\/www.gstech.at\/testsuntracker\/wp-json\/wp\/v2\/media?parent=5774"}],"curies":[{"name":"wp","href":"https:\/\/api.w.org\/{rel}","templated":true}]}}