{"id":5714,"date":"2024-12-05T08:46:01","date_gmt":"2024-12-05T07:46:01","guid":{"rendered":"https:\/\/www.gstech.at\/testsuntracker\/?page_id=5714"},"modified":"2024-12-07T18:21:28","modified_gmt":"2024-12-07T17:21:28","slug":"suntracker-5000r","status":"publish","type":"page","link":"https:\/\/www.gstech.at\/testsuntracker\/suntracker-5000r\/","title":{"rendered":"Suntracker 5000R"},"content":{"rendered":"\n<div class=\"wp-block-uagb-container uagb-block-807b25d0 alignfull uagb-is-root-container\"><div class=\"uagb-container-inner-blocks-wrap\"><\/div><\/div>\n\n\n\n<div class=\"wp-block-uagb-container uagb-block-239881da alignfull uagb-is-root-container\"><div class=\"uagb-container-inner-blocks-wrap\">\n<div class=\"wp-block-uagb-container uagb-block-7dce6b66 alignfull uagb-is-root-container\"><div class=\"uagb-container-inner-blocks-wrap\">\n<div class=\"wp-block-group is-nowrap is-layout-flex wp-container-core-group-is-layout-6c531013 wp-block-group-is-layout-flex\">\n<figure class=\"wp-block-image alignleft size-full is-resized has-custom-border is-style-default\"><img loading=\"lazy\" decoding=\"async\" width=\"1530\" height=\"2040\" src=\"https:\/\/www.gstech.at\/testsuntracker\/wp-content\/uploads\/2024\/09\/IMG-20240829-WA0016.jpg\" alt=\"\" class=\"wp-image-4901\" style=\"border-style:none;border-width:0px;width:537px;height:auto\" srcset=\"https:\/\/www.gstech.at\/testsuntracker\/wp-content\/uploads\/2024\/09\/IMG-20240829-WA0016.jpg 1530w, https:\/\/www.gstech.at\/testsuntracker\/wp-content\/uploads\/2024\/09\/IMG-20240829-WA0016-225x300.jpg 225w, https:\/\/www.gstech.at\/testsuntracker\/wp-content\/uploads\/2024\/09\/IMG-20240829-WA0016-768x1024.jpg 768w, https:\/\/www.gstech.at\/testsuntracker\/wp-content\/uploads\/2024\/09\/IMG-20240829-WA0016-1152x1536.jpg 1152w\" sizes=\"auto, (max-width: 1530px) 100vw, 1530px\" \/><figcaption class=\"wp-element-caption\">Leistungsstark wie eine<br><strong>35 m2<\/strong> starre PV-Anlage<\/figcaption><\/figure>\n<\/div>\n\n\n\n<div class=\"wp-block-uagb-container uagb-block-dc56e8ba\">\n<div class=\"wp-block-uagb-info-box uagb-block-e24502d3 uagb-infobox__content-wrap  uagb-infobox-icon-above-title uagb-infobox-image-valign-top\"><div class=\"uagb-ifb-content\"><div class=\"uagb-ifb-title-wrap\"><h3 class=\"uagb-ifb-title\">Suntracker 5000R<\/h3><\/div><p class=\"uagb-ifb-desc\">Der Suntracker 5000R liefert in K\u00e4rnten einen j\u00e4hrlichen Stromertrag von bis zu 5.000 kWh bei einem optimal schattenfreien Standort. Die innovative 2-achsige Sonnennachf\u00fchrung gew\u00e4hrleistet eine gleichm\u00e4\u00dfige Energieproduktion vom Sonnenaufgang bis zum Sonnenuntergang, was zu einer deutlichen Steigerung des Eigenverbrauchs f\u00fchrt und die Stromkosten maximal senkt.<br><br><strong>Merkmale des Suntracker 5000R:<\/strong><br><br>-30 kWh pro Tag an Ertrag, abh\u00e4ngig von den Wetterbedingungen.<br>-Freistehende Konstruktion mit geringem Platzbedarf, modular erweiterbar und in einem eleganten Design.<br>-Energieeffiziente Ausf\u00fchrung: optimiert f\u00fcr maximalen Stromertrag und Eigenverbrauch.<br>-Einfache Montage und schnelle Installation, auch f\u00fcr komplexe Standorte.<br>-Perfekt kombinierbar mit Energiespeichern, um \u00fcbersch\u00fcssige Energie f\u00fcr -sp\u00e4teren Gebrauch zu speichern.<br>-Hohe Qualit\u00e4t und Langlebigkeit, was eine schnelle Amortisation und eine <br>-langfristige Wertbest\u00e4ndigkeit sicherstellt.<br>-Ideal f\u00fcr Private, Gewerbebetriebe, Industrien und Offgrid-Eins\u00e4tze.<br><br>Beispiel f\u00fcr einen Tagesverbrauch:<br><img decoding=\"async\" class=\"uag-image-4910\" src=\"https:\/\/www.gstech.at\/testsuntracker\/wp-content\/uploads\/2024\/09\/Design-ohne-Titel-3.png\" alt=\"\" style=\"width: 250px;\"><br><br><strong>Speziell geeignet f\u00fcr die Landwirtschaft:<br><\/strong>Die Sonnennachf\u00fchrung sorgt nicht nur f\u00fcr maximalen Ertrag, sondern bietet auch einen Schattenspender f\u00fcr Tiere bei minimaler Bodenversiegelung.<br><br>Produzieren Sie mehr als 50% Ihres j\u00e4hrlichen Stromverbrauchs selbst mit der Suntracker-Technologie und profitieren Sie von einem ausgewogenen Preis-Leistungs-Verh\u00e4ltnis und h\u00f6chster Rendite.<br><\/p><\/div><\/div>\n\n\n\n<div class=\"wp-block-uagb-container uagb-block-a3773a20\">\n<div class=\"wp-block-uagb-container uagb-block-3bbeeded\">\n<div class=\"wp-block-group is-nowrap is-layout-flex wp-container-core-group-is-layout-6c531013 wp-block-group-is-layout-flex\">\n<div class=\"wp-block-uagb-image alignleft uagb-block-07cb5615 wp-block-uagb-image--layout-default wp-block-uagb-image--effect-static wp-block-uagb-image--align-left\"><figure class=\"wp-block-uagb-image__figure\"><img decoding=\"async\" srcset=\"https:\/\/www.gstech.at\/testsuntracker\/wp-content\/uploads\/2024\/09\/IMG-20240829-WA0008-768x1024.jpg ,https:\/\/www.gstech.at\/testsuntracker\/wp-content\/uploads\/2024\/09\/IMG-20240829-WA0008.jpg 780w, https:\/\/www.gstech.at\/testsuntracker\/wp-content\/uploads\/2024\/09\/IMG-20240829-WA0008.jpg 360w\" sizes=\"auto, (max-width: 480px) 150px\" src=\"https:\/\/www.gstech.at\/testsuntracker\/wp-content\/uploads\/2024\/09\/IMG-20240829-WA0008-768x1024.jpg\" alt=\"\" class=\"uag-image-4900\" width=\"150\" height=\"150\" title=\"IMG-20240829-WA0008\" loading=\"lazy\" role=\"img\"\/><\/figure><\/div>\n\n\n\n<div class=\"wp-block-uagb-image alignleft uagb-block-4223d424 wp-block-uagb-image--layout-default wp-block-uagb-image--effect-static wp-block-uagb-image--align-left\"><figure class=\"wp-block-uagb-image__figure\"><img decoding=\"async\" srcset=\"https:\/\/www.gstech.at\/testsuntracker\/wp-content\/uploads\/2024\/09\/IMG-20240829-WA0012-768x1024.jpg ,https:\/\/www.gstech.at\/testsuntracker\/wp-content\/uploads\/2024\/09\/IMG-20240829-WA0012.jpg 780w, https:\/\/www.gstech.at\/testsuntracker\/wp-content\/uploads\/2024\/09\/IMG-20240829-WA0012.jpg 360w\" sizes=\"auto, (max-width: 480px) 150px\" src=\"https:\/\/www.gstech.at\/testsuntracker\/wp-content\/uploads\/2024\/09\/IMG-20240829-WA0012-768x1024.jpg\" alt=\"\" class=\"uag-image-4899\" width=\"150\" height=\"150\" title=\"IMG-20240829-WA0012\" loading=\"lazy\" role=\"img\"\/><\/figure><\/div>\n<\/div>\n\n\n\n<div class=\"wp-block-file\" style=\"padding-top:var(--wp--preset--spacing--20);padding-bottom:var(--wp--preset--spacing--20)\"><a id=\"wp-block-file--media-974a5fbd-5a4b-43d0-888b-ee59b240d78a\" href=\"https:\/\/www.gstech.at\/testsuntracker\/wp-content\/uploads\/2024\/09\/GS-Technik-Flyer-A4-Suntracker-5000R.pdf\">Informationsblatt Suntracker 5000R herunterladen<\/a><\/div>\n<\/div>\n<\/div>\n<\/div>\n<\/div><\/div>\n<\/div><\/div>\n\n\n\n<p><\/p>\n","protected":false},"excerpt":{"rendered":"","protected":false},"author":1,"featured_media":0,"parent":0,"menu_order":0,"comment_status":"closed","ping_status":"closed","template":"","meta":{"_uag_custom_page_level_css":"","site-sidebar-layout":"default","site-content-layout":"","ast-site-content-layout":"default","site-content-style":"default","site-sidebar-style":"default","ast-global-header-display":"","ast-banner-title-visibility":"","ast-main-header-display":"","ast-hfb-above-header-display":"","ast-hfb-below-header-display":"","ast-hfb-mobile-header-display":"","site-post-title":"disabled","ast-breadcrumbs-content":"","ast-featured-img":"","footer-sml-layout":"","theme-transparent-header-meta":"","adv-header-id-meta":"","stick-header-meta":"","header-above-stick-meta":"","header-main-stick-meta":"","header-below-stick-meta":"","astra-migrate-meta-layouts":"set","ast-page-background-enabled":"default","ast-page-background-meta":{"desktop":{"background-color":"var(--ast-global-color-4)","background-image":"","background-repeat":"repeat","background-position":"center center","background-size":"auto","background-attachment":"scroll","background-type":"","background-media":"","overlay-type":"","overlay-color":"","overlay-opacity":"","overlay-gradient":""},"tablet":{"background-color":"","background-image":"","background-repeat":"repeat","background-position":"center center","background-size":"auto","background-attachment":"scroll","background-type":"","background-media":"","overlay-type":"","overlay-color":"","overlay-opacity":"","overlay-gradient":""},"mobile":{"background-color":"","background-image":"","background-repeat":"repeat","background-position":"center center","background-size":"auto","background-attachment":"scroll","background-type":"","background-media":"","overlay-type":"","overlay-color":"","overlay-opacity":"","overlay-gradient":""}},"ast-content-background-meta":{"desktop":{"background-color":"var(--ast-global-color-5)","background-image":"","background-repeat":"repeat","background-position":"center center","background-size":"auto","background-attachment":"scroll","background-type":"","background-media":"","overlay-type":"","overlay-color":"","overlay-opacity":"","overlay-gradient":""},"tablet":{"background-color":"var(--ast-global-color-5)","background-image":"","background-repeat":"repeat","background-position":"center center","background-size":"auto","background-attachment":"scroll","background-type":"","background-media":"","overlay-type":"","overlay-color":"","overlay-opacity":"","overlay-gradient":""},"mobile":{"background-color":"var(--ast-global-color-5)","background-image":"","background-repeat":"repeat","background-position":"center center","background-size":"auto","background-attachment":"scroll","background-type":"","background-media":"","overlay-type":"","overlay-color":"","overlay-opacity":"","overlay-gradient":""}},"ngg_post_thumbnail":0,"footnotes":""},"class_list":["post-5714","page","type-page","status-publish","hentry"],"uagb_featured_image_src":{"full":false,"thumbnail":false,"medium":false,"medium_large":false,"large":false,"1536x1536":false,"2048x2048":false},"uagb_author_info":{"display_name":"GS Technik Produktions-und VertriebsGmbH","author_link":"https:\/\/www.gstech.at\/testsuntracker\/author\/gs-technik-produktions-und-vertriebsgmbh\/"},"uagb_comment_info":0,"uagb_excerpt":null,"_links":{"self":[{"href":"https:\/\/www.gstech.at\/testsuntracker\/wp-json\/wp\/v2\/pages\/5714","targetHints":{"allow":["GET"]}}],"collection":[{"href":"https:\/\/www.gstech.at\/testsuntracker\/wp-json\/wp\/v2\/pages"}],"about":[{"href":"https:\/\/www.gstech.at\/testsuntracker\/wp-json\/wp\/v2\/types\/page"}],"author":[{"embeddable":true,"href":"https:\/\/www.gstech.at\/testsuntracker\/wp-json\/wp\/v2\/users\/1"}],"replies":[{"embeddable":true,"href":"https:\/\/www.gstech.at\/testsuntracker\/wp-json\/wp\/v2\/comments?post=5714"}],"version-history":[{"count":8,"href":"https:\/\/www.gstech.at\/testsuntracker\/wp-json\/wp\/v2\/pages\/5714\/revisions"}],"predecessor-version":[{"id":5788,"href":"https:\/\/www.gstech.at\/testsuntracker\/wp-json\/wp\/v2\/pages\/5714\/revisions\/5788"}],"wp:attachment":[{"href":"https:\/\/www.gstech.at\/testsuntracker\/wp-json\/wp\/v2\/media?parent=5714"}],"curies":[{"name":"wp","href":"https:\/\/api.w.org\/{rel}","templated":true}]}}