{"id":5314,"date":"2024-09-15T23:27:37","date_gmt":"2024-09-15T21:27:37","guid":{"rendered":"https:\/\/www.gstech.at\/testsuntracker\/?page_id=5314"},"modified":"2024-12-07T18:26:20","modified_gmt":"2024-12-07T17:26:20","slug":"suntracker-agri-pv","status":"publish","type":"page","link":"https:\/\/www.gstech.at\/testsuntracker\/suntracker-agri-pv\/","title":{"rendered":"Suntracker Agri PV"},"content":{"rendered":"\n<div class=\"wp-block-uagb-container uagb-block-fee5c15d alignfull uagb-is-root-container\"><div class=\"uagb-container-inner-blocks-wrap\">\n<div class=\"wp-block-uagb-info-box uagb-block-1026c5da uagb-infobox__content-wrap  uagb-infobox-icon-above-title uagb-infobox-image-valign-top wp-block-uagb-info-box--has-margin\"><div class=\"uagb-infobox-margin-wrapper\"><div class=\"uagb-ifb-content\"><div class=\"uagb-ifb-title-wrap\"><h3 class=\"uagb-ifb-title\">Suntracker Agri PV-Anlage<\/h3><\/div><\/div><\/div><\/div>\n<\/div><\/div>\n\n\n\n<div class=\"wp-block-uagb-container uagb-block-7dce6b66 alignfull uagb-is-root-container\"><div class=\"uagb-container-inner-blocks-wrap\">\n<div class=\"wp-block-group is-nowrap is-layout-flex wp-container-core-group-is-layout-6c531013 wp-block-group-is-layout-flex\">\n<figure class=\"wp-block-image alignleft size-full is-resized has-custom-border is-style-default\"><img loading=\"lazy\" decoding=\"async\" width=\"305\" height=\"270\" src=\"https:\/\/www.gstech.at\/testsuntracker\/wp-content\/uploads\/2024\/09\/IMG-20220628-WA0007-305x270-1.jpg\" alt=\"\" class=\"wp-image-5328\" style=\"border-style:none;border-width:0px;width:537px;height:auto\" srcset=\"https:\/\/www.gstech.at\/testsuntracker\/wp-content\/uploads\/2024\/09\/IMG-20220628-WA0007-305x270-1.jpg 305w, https:\/\/www.gstech.at\/testsuntracker\/wp-content\/uploads\/2024\/09\/IMG-20220628-WA0007-305x270-1-300x266.jpg 300w\" sizes=\"auto, (max-width: 305px) 100vw, 305px\" \/><\/figure>\n<\/div>\n\n\n\n<div class=\"wp-block-uagb-container uagb-block-dc56e8ba\">\n<div class=\"wp-block-uagb-info-box uagb-block-e24502d3 uagb-infobox__content-wrap  uagb-infobox-icon-above-title uagb-infobox-image-valign-top\"><div class=\"uagb-ifb-content\"><div class=\"uagb-ifb-title-wrap\"><\/div><p class=\"uagb-ifb-desc\">Der Suntracker ist ideal f\u00fcr den Einsatz in der Landwirtschaft, weiters im Hang wo die Bewirtschaftung schwierig ist.<br>Er erf\u00fcllt die Doppelfunktion Sonnenstromproduktion und auch Schattenspender f\u00fcr weidende Tiere bei minimaler Bodenversiegelung aber maximalen Stromertrag.<br><\/p><\/div><\/div>\n\n\n\n<div class=\"wp-block-uagb-container uagb-block-a3773a20\">\n<div class=\"wp-block-uagb-container uagb-block-3bbeeded\">\n<div class=\"wp-block-group is-nowrap is-layout-flex wp-container-core-group-is-layout-6c531013 wp-block-group-is-layout-flex\">\n<div class=\"wp-block-uagb-image uagb-block-54b89d0c wp-block-uagb-image--layout-default wp-block-uagb-image--effect-static wp-block-uagb-image--align-none\"><figure class=\"wp-block-uagb-image__figure\"><img decoding=\"async\" srcset=\"https:\/\/www.gstech.at\/testsuntracker\/wp-content\/uploads\/2024\/09\/20220624_171510_resized-225x300-1-150x150.jpg ,https:\/\/www.gstech.at\/testsuntracker\/wp-content\/uploads\/2024\/09\/20220624_171510_resized-225x300-1.jpg 780w, https:\/\/www.gstech.at\/testsuntracker\/wp-content\/uploads\/2024\/09\/20220624_171510_resized-225x300-1.jpg 360w\" sizes=\"auto, (max-width: 480px) 150px\" src=\"https:\/\/www.gstech.at\/testsuntracker\/wp-content\/uploads\/2024\/09\/20220624_171510_resized-225x300-1-150x150.jpg\" alt=\"\" class=\"uag-image-5319\" width=\"208\" height=\"208\" title=\"20220624_171510_resized-225x300\" loading=\"lazy\" role=\"img\"\/><\/figure><\/div>\n\n\n\n<div class=\"wp-block-uagb-image uagb-block-3e56f0f0 wp-block-uagb-image--layout-default wp-block-uagb-image--effect-static wp-block-uagb-image--align-none\"><figure class=\"wp-block-uagb-image__figure\"><img decoding=\"async\" srcset=\"https:\/\/www.gstech.at\/testsuntracker\/wp-content\/uploads\/2024\/09\/Hribernig-Mai-2018-300x218-1.jpg ,https:\/\/www.gstech.at\/testsuntracker\/wp-content\/uploads\/2024\/09\/Hribernig-Mai-2018-300x218-1.jpg 780w, https:\/\/www.gstech.at\/testsuntracker\/wp-content\/uploads\/2024\/09\/Hribernig-Mai-2018-300x218-1.jpg 360w\" sizes=\"auto, (max-width: 480px) 150px\" src=\"https:\/\/www.gstech.at\/testsuntracker\/wp-content\/uploads\/2024\/09\/Hribernig-Mai-2018-300x218-1.jpg\" alt=\"\" class=\"uag-image-5320\" width=\"300\" height=\"218\" title=\"Hribernig-Mai-2018-300x218\" loading=\"lazy\" role=\"img\"\/><\/figure><\/div>\n<\/div>\n\n\n\n<div class=\"wp-block-group is-nowrap is-layout-flex wp-container-core-group-is-layout-6c531013 wp-block-group-is-layout-flex\">\n<div class=\"wp-block-uagb-image uagb-block-52b38bea wp-block-uagb-image--layout-default wp-block-uagb-image--effect-static wp-block-uagb-image--align-none\"><figure class=\"wp-block-uagb-image__figure\"><img decoding=\"async\" srcset=\"https:\/\/www.gstech.at\/testsuntracker\/wp-content\/uploads\/2024\/09\/20220510_151238_resized-1024x768.jpg ,https:\/\/www.gstech.at\/testsuntracker\/wp-content\/uploads\/2024\/09\/20220510_151238_resized.jpg 780w, https:\/\/www.gstech.at\/testsuntracker\/wp-content\/uploads\/2024\/09\/20220510_151238_resized.jpg 360w\" sizes=\"auto, (max-width: 480px) 150px\" src=\"https:\/\/www.gstech.at\/testsuntracker\/wp-content\/uploads\/2024\/09\/20220510_151238_resized-1024x768.jpg\" alt=\"\" class=\"uag-image-5321\" width=\"225\" height=\"300\" title=\"20220510_151238_resized\" loading=\"lazy\" role=\"img\"\/><\/figure><\/div>\n\n\n\n<div class=\"wp-block-uagb-image uagb-block-fbb4181a wp-block-uagb-image--layout-default wp-block-uagb-image--effect-static wp-block-uagb-image--align-none\"><figure class=\"wp-block-uagb-image__figure\"><img decoding=\"async\" srcset=\"https:\/\/www.gstech.at\/testsuntracker\/wp-content\/uploads\/2024\/09\/IMG-20220510-WA0010.jpg ,https:\/\/www.gstech.at\/testsuntracker\/wp-content\/uploads\/2024\/09\/IMG-20220510-WA0010.jpg 780w, https:\/\/www.gstech.at\/testsuntracker\/wp-content\/uploads\/2024\/09\/IMG-20220510-WA0010.jpg 360w\" sizes=\"auto, (max-width: 480px) 150px\" src=\"https:\/\/www.gstech.at\/testsuntracker\/wp-content\/uploads\/2024\/09\/IMG-20220510-WA0010.jpg\" alt=\"\" class=\"uag-image-5322\" width=\"225\" height=\"300\" title=\"IMG-20220510-WA0010\" loading=\"lazy\" role=\"img\"\/><\/figure><\/div>\n<\/div>\n\n\n\n<div class=\"wp-block-group is-nowrap is-layout-flex wp-container-core-group-is-layout-6c531013 wp-block-group-is-layout-flex\"><\/div>\n\n\n\n<div class=\"wp-block-group is-nowrap is-layout-flex wp-container-core-group-is-layout-6c531013 wp-block-group-is-layout-flex\"><\/div>\n<\/div>\n<\/div>\n<\/div>\n<\/div><\/div>\n\n\n\n<p><\/p>\n","protected":false},"excerpt":{"rendered":"","protected":false},"author":1,"featured_media":0,"parent":0,"menu_order":0,"comment_status":"closed","ping_status":"closed","template":"","meta":{"_uag_custom_page_level_css":"","site-sidebar-layout":"default","site-content-layout":"","ast-site-content-layout":"default","site-content-style":"default","site-sidebar-style":"default","ast-global-header-display":"","ast-banner-title-visibility":"","ast-main-header-display":"","ast-hfb-above-header-display":"","ast-hfb-below-header-display":"","ast-hfb-mobile-header-display":"","site-post-title":"disabled","ast-breadcrumbs-content":"","ast-featured-img":"","footer-sml-layout":"","theme-transparent-header-meta":"","adv-header-id-meta":"","stick-header-meta":"","header-above-stick-meta":"","header-main-stick-meta":"","header-below-stick-meta":"","astra-migrate-meta-layouts":"set","ast-page-background-enabled":"default","ast-page-background-meta":{"desktop":{"background-color":"var(--ast-global-color-4)","background-image":"","background-repeat":"repeat","background-position":"center center","background-size":"auto","background-attachment":"scroll","background-type":"","background-media":"","overlay-type":"","overlay-color":"","overlay-opacity":"","overlay-gradient":""},"tablet":{"background-color":"","background-image":"","background-repeat":"repeat","background-position":"center center","background-size":"auto","background-attachment":"scroll","background-type":"","background-media":"","overlay-type":"","overlay-color":"","overlay-opacity":"","overlay-gradient":""},"mobile":{"background-color":"","background-image":"","background-repeat":"repeat","background-position":"center center","background-size":"auto","background-attachment":"scroll","background-type":"","background-media":"","overlay-type":"","overlay-color":"","overlay-opacity":"","overlay-gradient":""}},"ast-content-background-meta":{"desktop":{"background-color":"var(--ast-global-color-5)","background-image":"","background-repeat":"repeat","background-position":"center center","background-size":"auto","background-attachment":"scroll","background-type":"","background-media":"","overlay-type":"","overlay-color":"","overlay-opacity":"","overlay-gradient":""},"tablet":{"background-color":"var(--ast-global-color-5)","background-image":"","background-repeat":"repeat","background-position":"center center","background-size":"auto","background-attachment":"scroll","background-type":"","background-media":"","overlay-type":"","overlay-color":"","overlay-opacity":"","overlay-gradient":""},"mobile":{"background-color":"var(--ast-global-color-5)","background-image":"","background-repeat":"repeat","background-position":"center center","background-size":"auto","background-attachment":"scroll","background-type":"","background-media":"","overlay-type":"","overlay-color":"","overlay-opacity":"","overlay-gradient":""}},"ngg_post_thumbnail":0,"footnotes":""},"class_list":["post-5314","page","type-page","status-publish","hentry"],"uagb_featured_image_src":{"full":false,"thumbnail":false,"medium":false,"medium_large":false,"large":false,"1536x1536":false,"2048x2048":false},"uagb_author_info":{"display_name":"GS Technik Produktions-und VertriebsGmbH","author_link":"https:\/\/www.gstech.at\/testsuntracker\/author\/gs-technik-produktions-und-vertriebsgmbh\/"},"uagb_comment_info":0,"uagb_excerpt":null,"_links":{"self":[{"href":"https:\/\/www.gstech.at\/testsuntracker\/wp-json\/wp\/v2\/pages\/5314","targetHints":{"allow":["GET"]}}],"collection":[{"href":"https:\/\/www.gstech.at\/testsuntracker\/wp-json\/wp\/v2\/pages"}],"about":[{"href":"https:\/\/www.gstech.at\/testsuntracker\/wp-json\/wp\/v2\/types\/page"}],"author":[{"embeddable":true,"href":"https:\/\/www.gstech.at\/testsuntracker\/wp-json\/wp\/v2\/users\/1"}],"replies":[{"embeddable":true,"href":"https:\/\/www.gstech.at\/testsuntracker\/wp-json\/wp\/v2\/comments?post=5314"}],"version-history":[{"count":13,"href":"https:\/\/www.gstech.at\/testsuntracker\/wp-json\/wp\/v2\/pages\/5314\/revisions"}],"predecessor-version":[{"id":5799,"href":"https:\/\/www.gstech.at\/testsuntracker\/wp-json\/wp\/v2\/pages\/5314\/revisions\/5799"}],"wp:attachment":[{"href":"https:\/\/www.gstech.at\/testsuntracker\/wp-json\/wp\/v2\/media?parent=5314"}],"curies":[{"name":"wp","href":"https:\/\/api.w.org\/{rel}","templated":true}]}}