{"id":5232,"date":"2024-09-10T16:17:17","date_gmt":"2024-09-10T14:17:17","guid":{"rendered":"https:\/\/www.gstech.at\/testsuntracker\/?page_id=5232"},"modified":"2024-12-07T18:23:02","modified_gmt":"2024-12-07T17:23:02","slug":"suntracker-1600r","status":"publish","type":"page","link":"https:\/\/www.gstech.at\/testsuntracker\/suntracker-1600r\/","title":{"rendered":"Suntracker 1600R"},"content":{"rendered":"\n<div class=\"wp-block-uagb-container uagb-block-d033dbb1 alignfull uagb-is-root-container\"><div class=\"uagb-container-inner-blocks-wrap\"><\/div><\/div>\n\n\n\n<div class=\"wp-block-uagb-container uagb-block-239881da alignfull uagb-is-root-container\"><div class=\"uagb-container-inner-blocks-wrap\">\n<div class=\"wp-block-uagb-container uagb-block-7dce6b66 alignfull uagb-is-root-container\"><div class=\"uagb-container-inner-blocks-wrap\">\n<div class=\"wp-block-group is-nowrap is-layout-flex wp-container-core-group-is-layout-6c531013 wp-block-group-is-layout-flex\">\n<figure class=\"wp-block-image alignleft size-full is-resized has-custom-border is-style-default\"><img loading=\"lazy\" decoding=\"async\" width=\"305\" height=\"270\" src=\"https:\/\/www.gstech.at\/testsuntracker\/wp-content\/uploads\/2024\/09\/20160421_161302-305x270-1.jpg\" alt=\"\" class=\"wp-image-5235\" style=\"border-style:none;border-width:0px;width:537px;height:auto\" srcset=\"https:\/\/www.gstech.at\/testsuntracker\/wp-content\/uploads\/2024\/09\/20160421_161302-305x270-1.jpg 305w, https:\/\/www.gstech.at\/testsuntracker\/wp-content\/uploads\/2024\/09\/20160421_161302-305x270-1-300x266.jpg 300w\" sizes=\"auto, (max-width: 305px) 100vw, 305px\" \/><figcaption class=\"wp-element-caption\">Suntracker 2000R<\/figcaption><\/figure>\n<\/div>\n\n\n\n<div class=\"wp-block-uagb-container uagb-block-dc56e8ba\">\n<div class=\"wp-block-uagb-info-box uagb-block-e24502d3 uagb-infobox__content-wrap  uagb-infobox-icon-above-title uagb-infobox-image-valign-top\"><div class=\"uagb-ifb-content\"><div class=\"uagb-ifb-title-wrap\"><h3 class=\"uagb-ifb-title\">Suntracker 1600R<\/h3><\/div><p class=\"uagb-ifb-desc\">-Bestes Preis \u2013 Leistungsverh\u00e4ltnis<br>-Geringer Platzbedarf \u2013 maximaler t\u00e4glicher Ertrag<br>-Gleichm\u00e4\u00dfige Stromproduktion \u00fcber den Tagesverlauf<br>-H\u00f6chste Rendite \u2013 Schnelle Amortisation<br>Wertbest\u00e4ndig.<br><br>Jahresstromertrag von 2.700kWh (in K\u00e4rnten).<br><br>\u2013 einfache Montage, freistehend ohne Fundament<br>\u2013&nbsp;ohne ein zeitraubendes verwirrendes Genehmigungsverfahren<br>\u2013 deutlich h\u00f6herer Eigenverbrauch<br><br><img loading=\"lazy\" decoding=\"async\" width=\"500\" height=\"375\" class=\"wp-image-5237\" style=\"width: 500px;\" src=\"https:\/\/www.gstech.at\/testsuntracker\/wp-content\/uploads\/2024\/09\/Universitaet-Bremen_Mai-2023-300x225-1.jpeg\" alt=\"\"><br><\/p><\/div><\/div>\n<\/div>\n<\/div><\/div>\n<\/div><\/div>\n\n\n\n<p><\/p>\n","protected":false},"excerpt":{"rendered":"","protected":false},"author":1,"featured_media":0,"parent":0,"menu_order":0,"comment_status":"closed","ping_status":"closed","template":"","meta":{"_uag_custom_page_level_css":"","site-sidebar-layout":"default","site-content-layout":"","ast-site-content-layout":"default","site-content-style":"default","site-sidebar-style":"default","ast-global-header-display":"","ast-banner-title-visibility":"","ast-main-header-display":"","ast-hfb-above-header-display":"","ast-hfb-below-header-display":"","ast-hfb-mobile-header-display":"","site-post-title":"disabled","ast-breadcrumbs-content":"","ast-featured-img":"","footer-sml-layout":"","theme-transparent-header-meta":"","adv-header-id-meta":"","stick-header-meta":"","header-above-stick-meta":"","header-main-stick-meta":"","header-below-stick-meta":"","astra-migrate-meta-layouts":"set","ast-page-background-enabled":"default","ast-page-background-meta":{"desktop":{"background-color":"var(--ast-global-color-4)","background-image":"","background-repeat":"repeat","background-position":"center center","background-size":"auto","background-attachment":"scroll","background-type":"","background-media":"","overlay-type":"","overlay-color":"","overlay-opacity":"","overlay-gradient":""},"tablet":{"background-color":"","background-image":"","background-repeat":"repeat","background-position":"center center","background-size":"auto","background-attachment":"scroll","background-type":"","background-media":"","overlay-type":"","overlay-color":"","overlay-opacity":"","overlay-gradient":""},"mobile":{"background-color":"","background-image":"","background-repeat":"repeat","background-position":"center center","background-size":"auto","background-attachment":"scroll","background-type":"","background-media":"","overlay-type":"","overlay-color":"","overlay-opacity":"","overlay-gradient":""}},"ast-content-background-meta":{"desktop":{"background-color":"var(--ast-global-color-5)","background-image":"","background-repeat":"repeat","background-position":"center center","background-size":"auto","background-attachment":"scroll","background-type":"","background-media":"","overlay-type":"","overlay-color":"","overlay-opacity":"","overlay-gradient":""},"tablet":{"background-color":"var(--ast-global-color-5)","background-image":"","background-repeat":"repeat","background-position":"center center","background-size":"auto","background-attachment":"scroll","background-type":"","background-media":"","overlay-type":"","overlay-color":"","overlay-opacity":"","overlay-gradient":""},"mobile":{"background-color":"var(--ast-global-color-5)","background-image":"","background-repeat":"repeat","background-position":"center center","background-size":"auto","background-attachment":"scroll","background-type":"","background-media":"","overlay-type":"","overlay-color":"","overlay-opacity":"","overlay-gradient":""}},"ngg_post_thumbnail":0,"footnotes":""},"class_list":["post-5232","page","type-page","status-publish","hentry"],"uagb_featured_image_src":{"full":false,"thumbnail":false,"medium":false,"medium_large":false,"large":false,"1536x1536":false,"2048x2048":false},"uagb_author_info":{"display_name":"GS Technik Produktions-und VertriebsGmbH","author_link":"https:\/\/www.gstech.at\/testsuntracker\/author\/gs-technik-produktions-und-vertriebsgmbh\/"},"uagb_comment_info":0,"uagb_excerpt":null,"_links":{"self":[{"href":"https:\/\/www.gstech.at\/testsuntracker\/wp-json\/wp\/v2\/pages\/5232","targetHints":{"allow":["GET"]}}],"collection":[{"href":"https:\/\/www.gstech.at\/testsuntracker\/wp-json\/wp\/v2\/pages"}],"about":[{"href":"https:\/\/www.gstech.at\/testsuntracker\/wp-json\/wp\/v2\/types\/page"}],"author":[{"embeddable":true,"href":"https:\/\/www.gstech.at\/testsuntracker\/wp-json\/wp\/v2\/users\/1"}],"replies":[{"embeddable":true,"href":"https:\/\/www.gstech.at\/testsuntracker\/wp-json\/wp\/v2\/comments?post=5232"}],"version-history":[{"count":8,"href":"https:\/\/www.gstech.at\/testsuntracker\/wp-json\/wp\/v2\/pages\/5232\/revisions"}],"predecessor-version":[{"id":5796,"href":"https:\/\/www.gstech.at\/testsuntracker\/wp-json\/wp\/v2\/pages\/5232\/revisions\/5796"}],"wp:attachment":[{"href":"https:\/\/www.gstech.at\/testsuntracker\/wp-json\/wp\/v2\/media?parent=5232"}],"curies":[{"name":"wp","href":"https:\/\/api.w.org\/{rel}","templated":true}]}}