{"id":5200,"date":"2024-09-10T15:42:58","date_gmt":"2024-09-10T13:42:58","guid":{"rendered":"https:\/\/www.gstech.at\/testsuntracker\/?page_id=5200"},"modified":"2024-12-07T19:03:03","modified_gmt":"2024-12-07T18:03:03","slug":"suntracker-4000r","status":"publish","type":"page","link":"https:\/\/www.gstech.at\/testsuntracker\/suntracker-4000r\/","title":{"rendered":"Suntracker 4000R"},"content":{"rendered":"\n<div class=\"wp-block-uagb-container uagb-block-7097bcb4 alignfull uagb-is-root-container\"><div class=\"uagb-container-inner-blocks-wrap\"><\/div><\/div>\n\n\n\n<div class=\"wp-block-uagb-container uagb-block-239881da alignfull uagb-is-root-container\"><div class=\"uagb-container-inner-blocks-wrap\">\n<div class=\"wp-block-uagb-container uagb-block-7dce6b66 alignfull uagb-is-root-container\"><div class=\"uagb-container-inner-blocks-wrap\">\n<div class=\"wp-block-group is-nowrap is-layout-flex wp-container-core-group-is-layout-6c531013 wp-block-group-is-layout-flex\">\n<figure class=\"wp-block-image alignleft size-full is-resized has-custom-border is-style-default\"><img loading=\"lazy\" decoding=\"async\" width=\"305\" height=\"270\" src=\"https:\/\/www.gstech.at\/testsuntracker\/wp-content\/uploads\/2024\/09\/P1290498-305x270-1.jpg\" alt=\"\" class=\"wp-image-5204\" style=\"border-style:none;border-width:0px;width:537px;height:auto\" srcset=\"https:\/\/www.gstech.at\/testsuntracker\/wp-content\/uploads\/2024\/09\/P1290498-305x270-1.jpg 305w, https:\/\/www.gstech.at\/testsuntracker\/wp-content\/uploads\/2024\/09\/P1290498-305x270-1-300x266.jpg 300w\" sizes=\"auto, (max-width: 305px) 100vw, 305px\" \/><figcaption class=\"wp-element-caption\">Leistungsstark wie eine<br><strong>30 m2<\/strong> starre PV-Anlage<\/figcaption><\/figure>\n<\/div>\n\n\n\n<div class=\"wp-block-uagb-container uagb-block-dc56e8ba\">\n<div class=\"wp-block-uagb-info-box uagb-block-e24502d3 uagb-infobox__content-wrap  uagb-infobox-icon-above-title uagb-infobox-image-valign-top wp-block-uagb-info-box--has-margin\"><div class=\"uagb-infobox-margin-wrapper\"><div class=\"uagb-ifb-content\"><div class=\"uagb-ifb-title-wrap\"><h3 class=\"uagb-ifb-title\">Suntracker 4000R<\/h3><\/div><p class=\"uagb-ifb-desc\">Der Suntracher 4000R leistet in K\u00e4rnten ca. 4.000kWh\/ Jahr bei einem schattenfreien Standort.<br>Der Energieertrag unseres Suntracker ST4000R entspricht im Ertrag einer \u00fcberdurchschnittlichen 4kWp Dachanlage mit dem Vorteil dass die Energieproduktion vom Suntracker gleichm\u00e4\u00dfig \u00fcber den Tag verteilt ist. Das Ergebnis ist, das der Eigenenergieverbrauch deutlich erh\u00f6ht wird.<br><br><strong>Merkmale des Suntracker 4000R:<\/strong><br><br>-400W starke Hochleistungsmodule<br>-maximaler Stromertrag von Sonnenaufgang bis<br>Sonnenuntergang \u2013&gt; maximale Stromkostensenkung<br>-freistehend, geringer Platzbedarf und<br>-modular erweiterbar \u2013 elegantes Design<br>-energieeffiziente Ausf\u00fchrung, maximale Leistung, eigenverbrauchsoptimiert<br>-einfache Montage und schnelle Installation<br>-ausgewogenes Preis-Leistungs-Verh\u00e4ltnis,<br>hohe Qualit\u00e4t und Langlebigkeit<br>-perfekt kombinierbar mit Energiespeicher<br>-h\u00f6chste Rendite, schnelle Amortisation, Wertbest\u00e4ndigkeit<br>-f\u00fcr Private, Landwirte, Bewerbe-, Industriebetriebe und Offgrid Einsatz<br><br>Beispiel f\u00fcr einen Tagesverbrauch:<br><img loading=\"lazy\" decoding=\"async\" width=\"500\" height=\"342\" class=\"wp-image-5206\" style=\"width: 500px;\" src=\"https:\/\/www.gstech.at\/testsuntracker\/wp-content\/uploads\/2024\/09\/2.jpg\" alt=\"\" srcset=\"https:\/\/www.gstech.at\/testsuntracker\/wp-content\/uploads\/2024\/09\/2.jpg 1808w, https:\/\/www.gstech.at\/testsuntracker\/wp-content\/uploads\/2024\/09\/2-300x205.jpg 300w, https:\/\/www.gstech.at\/testsuntracker\/wp-content\/uploads\/2024\/09\/2-1024x701.jpg 1024w, https:\/\/www.gstech.at\/testsuntracker\/wp-content\/uploads\/2024\/09\/2-768x526.jpg 768w, https:\/\/www.gstech.at\/testsuntracker\/wp-content\/uploads\/2024\/09\/2-1536x1052.jpg 1536w\" sizes=\"auto, (max-width: 500px) 100vw, 500px\" \/><br><br>Jahresstromertrag von 4.000kWh (in K\u00e4rnten).Produzieren Sie mehr als 50% Ihres Jahresstroms selbst und das so einfach wie nie zuvor!<br>&nbsp;<br>&nbsp;<a href=\"\\&quot;https:\/\/www.suntracker.at\/wp-content\/uploads\/2015\/01\/150_100_008_4000R-Systemzeichnung-Fundament_230726.pdf\\&quot;\">Systemzeichnung Suntracker 4000R auf Punktfundament<\/a><br><a href=\"\\&quot;https:\/\/www.suntracker.at\/wp-content\/uploads\/2015\/01\/150_100_008_R_Maxeon-400Wp_4000R-Systemzeichnung-Erdnagel_190527.pdf\\&quot;\">Systemzeichnung Suntracker 4000R mit Erdn\u00e4gel<\/a><\/p><\/div><\/div><\/div>\n\n\n\n<div class=\"wp-block-uagb-container uagb-block-a3773a20\">\n<div class=\"wp-block-uagb-container uagb-block-3bbeeded\">\n<div class=\"wp-block-file\" style=\"padding-top:0;padding-bottom:0\"><a id=\"wp-block-file--media-bf481640-9778-4b94-a2c4-96e1701e9d54\" href=\"https:\/\/www.gstech.at\/testsuntracker\/wp-content\/uploads\/2024\/09\/Broschuere-A4-GS-Suntracker-4000R_August-2024.pdf\">Infoblatt Suntracker 4000R downloaden<\/a><\/div>\n<\/div>\n<\/div>\n<\/div>\n<\/div><\/div>\n<\/div><\/div>\n\n\n\n<p><\/p>\n","protected":false},"excerpt":{"rendered":"","protected":false},"author":1,"featured_media":0,"parent":0,"menu_order":0,"comment_status":"closed","ping_status":"closed","template":"","meta":{"_uag_custom_page_level_css":"","site-sidebar-layout":"default","site-content-layout":"","ast-site-content-layout":"default","site-content-style":"default","site-sidebar-style":"default","ast-global-header-display":"","ast-banner-title-visibility":"","ast-main-header-display":"","ast-hfb-above-header-display":"","ast-hfb-below-header-display":"","ast-hfb-mobile-header-display":"","site-post-title":"disabled","ast-breadcrumbs-content":"","ast-featured-img":"","footer-sml-layout":"","theme-transparent-header-meta":"","adv-header-id-meta":"","stick-header-meta":"","header-above-stick-meta":"","header-main-stick-meta":"","header-below-stick-meta":"","astra-migrate-meta-layouts":"set","ast-page-background-enabled":"default","ast-page-background-meta":{"desktop":{"background-color":"var(--ast-global-color-4)","background-image":"","background-repeat":"repeat","background-position":"center center","background-size":"auto","background-attachment":"scroll","background-type":"","background-media":"","overlay-type":"","overlay-color":"","overlay-opacity":"","overlay-gradient":""},"tablet":{"background-color":"","background-image":"","background-repeat":"repeat","background-position":"center center","background-size":"auto","background-attachment":"scroll","background-type":"","background-media":"","overlay-type":"","overlay-color":"","overlay-opacity":"","overlay-gradient":""},"mobile":{"background-color":"","background-image":"","background-repeat":"repeat","background-position":"center center","background-size":"auto","background-attachment":"scroll","background-type":"","background-media":"","overlay-type":"","overlay-color":"","overlay-opacity":"","overlay-gradient":""}},"ast-content-background-meta":{"desktop":{"background-color":"var(--ast-global-color-5)","background-image":"","background-repeat":"repeat","background-position":"center center","background-size":"auto","background-attachment":"scroll","background-type":"","background-media":"","overlay-type":"","overlay-color":"","overlay-opacity":"","overlay-gradient":""},"tablet":{"background-color":"var(--ast-global-color-5)","background-image":"","background-repeat":"repeat","background-position":"center center","background-size":"auto","background-attachment":"scroll","background-type":"","background-media":"","overlay-type":"","overlay-color":"","overlay-opacity":"","overlay-gradient":""},"mobile":{"background-color":"var(--ast-global-color-5)","background-image":"","background-repeat":"repeat","background-position":"center center","background-size":"auto","background-attachment":"scroll","background-type":"","background-media":"","overlay-type":"","overlay-color":"","overlay-opacity":"","overlay-gradient":""}},"ngg_post_thumbnail":0,"footnotes":""},"class_list":["post-5200","page","type-page","status-publish","hentry"],"uagb_featured_image_src":{"full":false,"thumbnail":false,"medium":false,"medium_large":false,"large":false,"1536x1536":false,"2048x2048":false},"uagb_author_info":{"display_name":"GS Technik Produktions-und VertriebsGmbH","author_link":"https:\/\/www.gstech.at\/testsuntracker\/author\/gs-technik-produktions-und-vertriebsgmbh\/"},"uagb_comment_info":0,"uagb_excerpt":null,"_links":{"self":[{"href":"https:\/\/www.gstech.at\/testsuntracker\/wp-json\/wp\/v2\/pages\/5200","targetHints":{"allow":["GET"]}}],"collection":[{"href":"https:\/\/www.gstech.at\/testsuntracker\/wp-json\/wp\/v2\/pages"}],"about":[{"href":"https:\/\/www.gstech.at\/testsuntracker\/wp-json\/wp\/v2\/types\/page"}],"author":[{"embeddable":true,"href":"https:\/\/www.gstech.at\/testsuntracker\/wp-json\/wp\/v2\/users\/1"}],"replies":[{"embeddable":true,"href":"https:\/\/www.gstech.at\/testsuntracker\/wp-json\/wp\/v2\/comments?post=5200"}],"version-history":[{"count":14,"href":"https:\/\/www.gstech.at\/testsuntracker\/wp-json\/wp\/v2\/pages\/5200\/revisions"}],"predecessor-version":[{"id":5817,"href":"https:\/\/www.gstech.at\/testsuntracker\/wp-json\/wp\/v2\/pages\/5200\/revisions\/5817"}],"wp:attachment":[{"href":"https:\/\/www.gstech.at\/testsuntracker\/wp-json\/wp\/v2\/media?parent=5200"}],"curies":[{"name":"wp","href":"https:\/\/api.w.org\/{rel}","templated":true}]}}