{"id":5148,"date":"2024-09-10T13:00:57","date_gmt":"2024-09-10T11:00:57","guid":{"rendered":"https:\/\/www.gstech.at\/testsuntracker\/?page_id=5148"},"modified":"2024-12-05T08:27:18","modified_gmt":"2024-12-05T07:27:18","slug":"ingeneurleistungen","status":"publish","type":"page","link":"https:\/\/www.gstech.at\/testsuntracker\/ingeneurleistungen\/","title":{"rendered":"Ingeneurleistungen"},"content":{"rendered":"\n<div class=\"wp-block-uagb-container uagb-block-04e83004 alignfull uagb-is-root-container\"><div class=\"uagb-container-inner-blocks-wrap\"><\/div><\/div>\n\n\n\n<div class=\"wp-block-uagb-container uagb-block-239881da alignfull uagb-is-root-container\"><div class=\"uagb-container-inner-blocks-wrap\">\n<div class=\"wp-block-uagb-info-box uagb-block-32baf2d2 uagb-infobox__content-wrap  uagb-infobox-icon-above-title uagb-infobox-image-valign-top wp-block-uagb-info-box--has-margin\"><div class=\"uagb-infobox-margin-wrapper\"><div class=\"uagb-ifb-content\"><div class=\"uagb-ifb-title-wrap\"><h3 class=\"uagb-ifb-title\">INGENEURLEISTUNGEN<\/h3><\/div><p class=\"uagb-ifb-desc\"><br><a href=\"https:\/\/www.suntracker.at\/wp-content\/uploads\/2015\/11\/nemo.png\"><\/a><\/p><\/div><\/div><\/div>\n<\/div><\/div>\n\n\n\n<div class=\"wp-block-uagb-container uagb-block-7dce6b66 alignfull uagb-is-root-container\"><div class=\"uagb-container-inner-blocks-wrap\">\n<div class=\"wp-block-group is-nowrap is-layout-flex wp-container-core-group-is-layout-6c531013 wp-block-group-is-layout-flex\">\n<figure class=\"wp-block-image alignleft size-full is-resized has-custom-border is-style-default\"><img loading=\"lazy\" decoding=\"async\" width=\"305\" height=\"270\" src=\"https:\/\/www.gstech.at\/testsuntracker\/wp-content\/uploads\/2024\/09\/Ingenieurleistungen-Kopie-305x270-1.png\" alt=\"\" class=\"wp-image-5152\" style=\"border-style:none;border-width:0px;width:537px;height:auto\" srcset=\"https:\/\/www.gstech.at\/testsuntracker\/wp-content\/uploads\/2024\/09\/Ingenieurleistungen-Kopie-305x270-1.png 305w, https:\/\/www.gstech.at\/testsuntracker\/wp-content\/uploads\/2024\/09\/Ingenieurleistungen-Kopie-305x270-1-300x266.png 300w\" sizes=\"auto, (max-width: 305px) 100vw, 305px\" \/><figcaption class=\"wp-element-caption\"><br><\/figcaption><\/figure>\n<\/div>\n\n\n\n<div class=\"wp-block-uagb-container uagb-block-dc56e8ba\">\n<div class=\"wp-block-uagb-container uagb-block-20bcfc79\">\n<p>Als allgemein beeideter und gerichtlich zertifizierter Sachverst\u00e4ndiger&nbsp;stehen wir Ihnen auch bei Gutachtensfragen gerne zur Verf\u00fcgung.<\/p>\n\n\n\n<p>Wir planen, produzieren, liefern und montieren schl\u00fcsselfertig: fixe oder 1-achsig nachgef\u00fchrte PV-Anlagen auf D\u00e4chern oder freistehend.<\/p>\n\n\n\n<p>Im Stahlanlagenbau und in der Schwei\u00dftechnik planen, pr\u00fcfen, beraten und \u00fcberwachen wir gerne Ihre Projekte.<\/p>\n\n\n\n<p><a href=\"https:\/\/www.gstech.at\/testsuntracker\/kontakt\/\" data-type=\"page\" data-id=\"105\">Kontakt<\/a><\/p>\n<\/div>\n\n\n\n<div class=\"wp-block-group is-nowrap is-layout-flex wp-container-core-group-is-layout-6c531013 wp-block-group-is-layout-flex\">\n<figure class=\"wp-block-image size-full is-resized\"><img loading=\"lazy\" decoding=\"async\" width=\"150\" height=\"150\" src=\"https:\/\/www.gstech.at\/testsuntracker\/wp-content\/uploads\/2024\/09\/222-e1437737098381-150x150-1.jpg\" alt=\"\" class=\"wp-image-5155\" style=\"width:187px;height:auto\"\/><\/figure>\n\n\n\n<figure class=\"wp-block-image size-full is-resized\"><img loading=\"lazy\" decoding=\"async\" width=\"150\" height=\"150\" src=\"https:\/\/www.gstech.at\/testsuntracker\/wp-content\/uploads\/2024\/09\/111-e1437737085243-150x150-1.jpg\" alt=\"\" class=\"wp-image-5154\" style=\"width:182px;height:auto\"\/><\/figure>\n<\/div>\n\n\n\n<div class=\"wp-block-group is-nowrap is-layout-flex wp-container-core-group-is-layout-ab6f0d78 wp-block-group-is-layout-flex\" style=\"margin-top:var(--wp--preset--spacing--40);margin-bottom:var(--wp--preset--spacing--40)\">\n<figure class=\"wp-block-image size-full is-resized\"><img loading=\"lazy\" decoding=\"async\" width=\"150\" height=\"150\" src=\"https:\/\/www.gstech.at\/testsuntracker\/wp-content\/uploads\/2024\/09\/1111-150x150-1.png\" alt=\"\" class=\"wp-image-5156\" style=\"width:187px;height:auto\"\/><\/figure>\n\n\n\n<figure class=\"wp-block-image size-full is-resized\"><img loading=\"lazy\" decoding=\"async\" width=\"150\" height=\"150\" src=\"https:\/\/www.gstech.at\/testsuntracker\/wp-content\/uploads\/2024\/09\/2222-150x150-1.png\" alt=\"\" class=\"wp-image-5157\" style=\"width:189px;height:auto\"\/><\/figure>\n<\/div>\n\n\n\n<div class=\"wp-block-uagb-container uagb-block-a3773a20\">\n<div class=\"wp-block-uagb-container uagb-block-3bbeeded\">\n<div class=\"wp-block-group is-nowrap is-layout-flex wp-container-core-group-is-layout-6c531013 wp-block-group-is-layout-flex\"><\/div>\n<\/div>\n<\/div>\n<\/div>\n<\/div><\/div>\n\n\n\n<p><\/p>\n","protected":false},"excerpt":{"rendered":"<p>Als allgemein beeideter und gerichtlich zertifizierter Sachverst\u00e4ndiger&nbsp;stehen wir Ihnen auch bei Gutachtensfragen gerne zur Verf\u00fcgung. Wir planen, produzieren, liefern und [&hellip;]<\/p>\n","protected":false},"author":1,"featured_media":0,"parent":0,"menu_order":0,"comment_status":"closed","ping_status":"closed","template":"","meta":{"_uag_custom_page_level_css":"","site-sidebar-layout":"default","site-content-layout":"","ast-site-content-layout":"default","site-content-style":"default","site-sidebar-style":"default","ast-global-header-display":"","ast-banner-title-visibility":"","ast-main-header-display":"","ast-hfb-above-header-display":"","ast-hfb-below-header-display":"","ast-hfb-mobile-header-display":"","site-post-title":"disabled","ast-breadcrumbs-content":"","ast-featured-img":"","footer-sml-layout":"","theme-transparent-header-meta":"","adv-header-id-meta":"","stick-header-meta":"","header-above-stick-meta":"","header-main-stick-meta":"","header-below-stick-meta":"","astra-migrate-meta-layouts":"set","ast-page-background-enabled":"default","ast-page-background-meta":{"desktop":{"background-color":"var(--ast-global-color-4)","background-image":"","background-repeat":"repeat","background-position":"center center","background-size":"auto","background-attachment":"scroll","background-type":"","background-media":"","overlay-type":"","overlay-color":"","overlay-opacity":"","overlay-gradient":""},"tablet":{"background-color":"","background-image":"","background-repeat":"repeat","background-position":"center center","background-size":"auto","background-attachment":"scroll","background-type":"","background-media":"","overlay-type":"","overlay-color":"","overlay-opacity":"","overlay-gradient":""},"mobile":{"background-color":"","background-image":"","background-repeat":"repeat","background-position":"center center","background-size":"auto","background-attachment":"scroll","background-type":"","background-media":"","overlay-type":"","overlay-color":"","overlay-opacity":"","overlay-gradient":""}},"ast-content-background-meta":{"desktop":{"background-color":"var(--ast-global-color-5)","background-image":"","background-repeat":"repeat","background-position":"center center","background-size":"auto","background-attachment":"scroll","background-type":"","background-media":"","overlay-type":"","overlay-color":"","overlay-opacity":"","overlay-gradient":""},"tablet":{"background-color":"var(--ast-global-color-5)","background-image":"","background-repeat":"repeat","background-position":"center center","background-size":"auto","background-attachment":"scroll","background-type":"","background-media":"","overlay-type":"","overlay-color":"","overlay-opacity":"","overlay-gradient":""},"mobile":{"background-color":"var(--ast-global-color-5)","background-image":"","background-repeat":"repeat","background-position":"center center","background-size":"auto","background-attachment":"scroll","background-type":"","background-media":"","overlay-type":"","overlay-color":"","overlay-opacity":"","overlay-gradient":""}},"ngg_post_thumbnail":0,"footnotes":""},"class_list":["post-5148","page","type-page","status-publish","hentry"],"uagb_featured_image_src":{"full":false,"thumbnail":false,"medium":false,"medium_large":false,"large":false,"1536x1536":false,"2048x2048":false},"uagb_author_info":{"display_name":"GS Technik Produktions-und VertriebsGmbH","author_link":"https:\/\/www.gstech.at\/testsuntracker\/author\/gs-technik-produktions-und-vertriebsgmbh\/"},"uagb_comment_info":0,"uagb_excerpt":"Als allgemein beeideter und gerichtlich zertifizierter Sachverst\u00e4ndiger&nbsp;stehen wir Ihnen auch bei Gutachtensfragen gerne zur Verf\u00fcgung. Wir planen, produzieren, liefern und [&hellip;]","_links":{"self":[{"href":"https:\/\/www.gstech.at\/testsuntracker\/wp-json\/wp\/v2\/pages\/5148","targetHints":{"allow":["GET"]}}],"collection":[{"href":"https:\/\/www.gstech.at\/testsuntracker\/wp-json\/wp\/v2\/pages"}],"about":[{"href":"https:\/\/www.gstech.at\/testsuntracker\/wp-json\/wp\/v2\/types\/page"}],"author":[{"embeddable":true,"href":"https:\/\/www.gstech.at\/testsuntracker\/wp-json\/wp\/v2\/users\/1"}],"replies":[{"embeddable":true,"href":"https:\/\/www.gstech.at\/testsuntracker\/wp-json\/wp\/v2\/comments?post=5148"}],"version-history":[{"count":5,"href":"https:\/\/www.gstech.at\/testsuntracker\/wp-json\/wp\/v2\/pages\/5148\/revisions"}],"predecessor-version":[{"id":5711,"href":"https:\/\/www.gstech.at\/testsuntracker\/wp-json\/wp\/v2\/pages\/5148\/revisions\/5711"}],"wp:attachment":[{"href":"https:\/\/www.gstech.at\/testsuntracker\/wp-json\/wp\/v2\/media?parent=5148"}],"curies":[{"name":"wp","href":"https:\/\/api.w.org\/{rel}","templated":true}]}}