{"id":5138,"date":"2024-09-10T12:54:07","date_gmt":"2024-09-10T10:54:07","guid":{"rendered":"https:\/\/www.gstech.at\/testsuntracker\/?page_id=5138"},"modified":"2024-12-07T18:57:32","modified_gmt":"2024-12-07T17:57:32","slug":"windturbine","status":"publish","type":"page","link":"https:\/\/www.gstech.at\/testsuntracker\/windturbine\/","title":{"rendered":"Windturbine"},"content":{"rendered":"\n<div class=\"wp-block-uagb-container uagb-block-ffe46ee7 alignfull uagb-is-root-container\"><div class=\"uagb-container-inner-blocks-wrap\"><\/div><\/div>\n\n\n\n<div class=\"wp-block-uagb-container uagb-block-239881da alignfull uagb-is-root-container\"><div class=\"uagb-container-inner-blocks-wrap\">\n<div class=\"wp-block-uagb-info-box uagb-block-32baf2d2 uagb-infobox__content-wrap  uagb-infobox-icon-above-title uagb-infobox-image-valign-top wp-block-uagb-info-box--has-margin\"><div class=\"uagb-infobox-margin-wrapper\"><div class=\"uagb-ifb-content\"><div class=\"uagb-ifb-title-wrap\"><h3 class=\"uagb-ifb-title\">WINDTURBINE LEMO<\/h3><\/div><p class=\"uagb-ifb-desc\">Seit nicht all zu langer Zeit haben wir neben unserer Suntracker auch eine Windturbine Namens Lemo im Sortiment. Ideal f\u00fcr windige Gebiete und Stromproduktion auch in der Nacht. Die in Biotik-Design gebaute Turbine stellt wie die Suntracker die h\u00f6chstm\u00f6gliche Effizienz dar. Informieren Sie sich gerne bei uns auch \u00fcber Lemo.<br><a href=\"https:\/\/www.suntracker.at\/wp-content\/uploads\/2015\/11\/nemo.png\"><\/a><\/p><\/div><\/div><\/div>\n<\/div><\/div>\n\n\n\n<div class=\"wp-block-uagb-container uagb-block-7dce6b66 alignfull uagb-is-root-container\"><div class=\"uagb-container-inner-blocks-wrap\">\n<div class=\"wp-block-group is-nowrap is-layout-flex wp-container-core-group-is-layout-6c531013 wp-block-group-is-layout-flex\">\n<figure class=\"wp-block-image alignleft size-full is-resized has-custom-border is-style-default\"><img loading=\"lazy\" decoding=\"async\" width=\"305\" height=\"270\" src=\"https:\/\/www.gstech.at\/testsuntracker\/wp-content\/uploads\/2024\/09\/IMG-20160119-WA0001-305x270-1.jpg\" alt=\"\" class=\"wp-image-5143\" style=\"border-style:none;border-width:0px;width:537px;height:auto\" srcset=\"https:\/\/www.gstech.at\/testsuntracker\/wp-content\/uploads\/2024\/09\/IMG-20160119-WA0001-305x270-1.jpg 305w, https:\/\/www.gstech.at\/testsuntracker\/wp-content\/uploads\/2024\/09\/IMG-20160119-WA0001-305x270-1-300x266.jpg 300w\" sizes=\"auto, (max-width: 305px) 100vw, 305px\" \/><\/figure>\n<\/div>\n\n\n\n<div class=\"wp-block-uagb-container uagb-block-dc56e8ba\">\n<div class=\"wp-block-group is-nowrap is-layout-flex wp-container-core-group-is-layout-6c531013 wp-block-group-is-layout-flex\">\n<figure class=\"wp-block-image size-full is-resized\"><img loading=\"lazy\" decoding=\"async\" width=\"150\" height=\"150\" src=\"https:\/\/www.gstech.at\/testsuntracker\/wp-content\/uploads\/2024\/09\/nemo-150x150-1.png\" alt=\"\" class=\"wp-image-5145\" style=\"width:477px;height:auto\"\/><\/figure>\n<\/div>\n\n\n\n<div class=\"wp-block-uagb-container uagb-block-a3773a20\">\n<div class=\"wp-block-uagb-container uagb-block-3bbeeded\">\n<div class=\"wp-block-group is-nowrap is-layout-flex wp-container-core-group-is-layout-6c531013 wp-block-group-is-layout-flex\">\n<div class=\"wp-block-uagb-container uagb-block-20bcfc79\"><\/div>\n<\/div>\n<\/div>\n<\/div>\n<\/div>\n<\/div><\/div>\n","protected":false},"excerpt":{"rendered":"","protected":false},"author":1,"featured_media":0,"parent":0,"menu_order":0,"comment_status":"closed","ping_status":"closed","template":"","meta":{"_uag_custom_page_level_css":"","site-sidebar-layout":"default","site-content-layout":"","ast-site-content-layout":"default","site-content-style":"default","site-sidebar-style":"default","ast-global-header-display":"","ast-banner-title-visibility":"","ast-main-header-display":"","ast-hfb-above-header-display":"","ast-hfb-below-header-display":"","ast-hfb-mobile-header-display":"","site-post-title":"disabled","ast-breadcrumbs-content":"","ast-featured-img":"","footer-sml-layout":"","theme-transparent-header-meta":"","adv-header-id-meta":"","stick-header-meta":"","header-above-stick-meta":"","header-main-stick-meta":"","header-below-stick-meta":"","astra-migrate-meta-layouts":"set","ast-page-background-enabled":"default","ast-page-background-meta":{"desktop":{"background-color":"var(--ast-global-color-4)","background-image":"","background-repeat":"repeat","background-position":"center center","background-size":"auto","background-attachment":"scroll","background-type":"","background-media":"","overlay-type":"","overlay-color":"","overlay-opacity":"","overlay-gradient":""},"tablet":{"background-color":"","background-image":"","background-repeat":"repeat","background-position":"center center","background-size":"auto","background-attachment":"scroll","background-type":"","background-media":"","overlay-type":"","overlay-color":"","overlay-opacity":"","overlay-gradient":""},"mobile":{"background-color":"","background-image":"","background-repeat":"repeat","background-position":"center center","background-size":"auto","background-attachment":"scroll","background-type":"","background-media":"","overlay-type":"","overlay-color":"","overlay-opacity":"","overlay-gradient":""}},"ast-content-background-meta":{"desktop":{"background-color":"var(--ast-global-color-5)","background-image":"","background-repeat":"repeat","background-position":"center center","background-size":"auto","background-attachment":"scroll","background-type":"","background-media":"","overlay-type":"","overlay-color":"","overlay-opacity":"","overlay-gradient":""},"tablet":{"background-color":"var(--ast-global-color-5)","background-image":"","background-repeat":"repeat","background-position":"center center","background-size":"auto","background-attachment":"scroll","background-type":"","background-media":"","overlay-type":"","overlay-color":"","overlay-opacity":"","overlay-gradient":""},"mobile":{"background-color":"var(--ast-global-color-5)","background-image":"","background-repeat":"repeat","background-position":"center center","background-size":"auto","background-attachment":"scroll","background-type":"","background-media":"","overlay-type":"","overlay-color":"","overlay-opacity":"","overlay-gradient":""}},"ngg_post_thumbnail":0,"footnotes":""},"class_list":["post-5138","page","type-page","status-publish","hentry"],"uagb_featured_image_src":{"full":false,"thumbnail":false,"medium":false,"medium_large":false,"large":false,"1536x1536":false,"2048x2048":false},"uagb_author_info":{"display_name":"GS Technik Produktions-und VertriebsGmbH","author_link":"https:\/\/www.gstech.at\/testsuntracker\/author\/gs-technik-produktions-und-vertriebsgmbh\/"},"uagb_comment_info":0,"uagb_excerpt":null,"_links":{"self":[{"href":"https:\/\/www.gstech.at\/testsuntracker\/wp-json\/wp\/v2\/pages\/5138","targetHints":{"allow":["GET"]}}],"collection":[{"href":"https:\/\/www.gstech.at\/testsuntracker\/wp-json\/wp\/v2\/pages"}],"about":[{"href":"https:\/\/www.gstech.at\/testsuntracker\/wp-json\/wp\/v2\/types\/page"}],"author":[{"embeddable":true,"href":"https:\/\/www.gstech.at\/testsuntracker\/wp-json\/wp\/v2\/users\/1"}],"replies":[{"embeddable":true,"href":"https:\/\/www.gstech.at\/testsuntracker\/wp-json\/wp\/v2\/comments?post=5138"}],"version-history":[{"count":9,"href":"https:\/\/www.gstech.at\/testsuntracker\/wp-json\/wp\/v2\/pages\/5138\/revisions"}],"predecessor-version":[{"id":5815,"href":"https:\/\/www.gstech.at\/testsuntracker\/wp-json\/wp\/v2\/pages\/5138\/revisions\/5815"}],"wp:attachment":[{"href":"https:\/\/www.gstech.at\/testsuntracker\/wp-json\/wp\/v2\/media?parent=5138"}],"curies":[{"name":"wp","href":"https:\/\/api.w.org\/{rel}","templated":true}]}}