{"id":5121,"date":"2024-09-10T12:22:03","date_gmt":"2024-09-10T10:22:03","guid":{"rendered":"https:\/\/www.gstech.at\/testsuntracker\/?page_id=5121"},"modified":"2024-11-05T11:59:50","modified_gmt":"2024-11-05T10:59:50","slug":"solarcool","status":"publish","type":"page","link":"https:\/\/www.gstech.at\/testsuntracker\/solarcool\/","title":{"rendered":"Solarcool"},"content":{"rendered":"\n<div class=\"wp-block-uagb-container uagb-block-ddfdf260 alignfull uagb-is-root-container\"><div class=\"uagb-container-inner-blocks-wrap\"><\/div><\/div>\n\n\n\n<div class=\"wp-block-uagb-container uagb-block-239881da alignfull uagb-is-root-container\"><div class=\"uagb-container-inner-blocks-wrap\">\n<div class=\"wp-block-uagb-info-box uagb-block-32baf2d2 uagb-infobox__content-wrap  uagb-infobox-icon-above-title uagb-infobox-image-valign-top wp-block-uagb-info-box--has-margin\"><div class=\"uagb-infobox-margin-wrapper\"><div class=\"uagb-ifb-content\"><div class=\"uagb-ifb-title-wrap\"><h3 class=\"uagb-ifb-title\">SOLARCOOL<\/h3><\/div><p class=\"uagb-ifb-desc\">Nutzen Sie Sonnenstrom, um Ihr Wohnraumklima kostenlos zu optimieren. Unsere Klimager\u00e4te k\u00fchlen, entfeuchten, reinigen die Luft, ventilieren und heizen \u2013 alles mit der Energie, die Ihr Suntracker liefert. Nachhaltig, effizient und rundum komfortabel.<\/p><\/div><\/div><\/div>\n<\/div><\/div>\n\n\n\n<div class=\"wp-block-uagb-container uagb-block-7dce6b66 alignfull uagb-is-root-container\"><div class=\"uagb-container-inner-blocks-wrap\">\n<div class=\"wp-block-group is-nowrap is-layout-flex wp-container-core-group-is-layout-6c531013 wp-block-group-is-layout-flex\">\n<figure class=\"wp-block-image alignleft size-full is-resized has-custom-border is-style-default\"><img loading=\"lazy\" decoding=\"async\" width=\"1414\" height=\"2000\" src=\"https:\/\/www.gstech.at\/testsuntracker\/wp-content\/uploads\/2024\/09\/GS-Technik-Flyer-A4-Suntracker-5000R.pdf.jpg\" alt=\"\" class=\"wp-image-5125\" style=\"border-style:none;border-width:0px;width:537px;height:auto\" srcset=\"https:\/\/www.gstech.at\/testsuntracker\/wp-content\/uploads\/2024\/09\/GS-Technik-Flyer-A4-Suntracker-5000R.pdf.jpg 1414w, https:\/\/www.gstech.at\/testsuntracker\/wp-content\/uploads\/2024\/09\/GS-Technik-Flyer-A4-Suntracker-5000R.pdf-212x300.jpg 212w, https:\/\/www.gstech.at\/testsuntracker\/wp-content\/uploads\/2024\/09\/GS-Technik-Flyer-A4-Suntracker-5000R.pdf-724x1024.jpg 724w, https:\/\/www.gstech.at\/testsuntracker\/wp-content\/uploads\/2024\/09\/GS-Technik-Flyer-A4-Suntracker-5000R.pdf-768x1086.jpg 768w, https:\/\/www.gstech.at\/testsuntracker\/wp-content\/uploads\/2024\/09\/GS-Technik-Flyer-A4-Suntracker-5000R.pdf-1086x1536.jpg 1086w\" sizes=\"auto, (max-width: 1414px) 100vw, 1414px\" \/><figcaption class=\"wp-element-caption\">Unsere Suntracker sind die perfekten Energielieferanten<br>f\u00fcr Ihre Klimager\u00e4te<\/figcaption><\/figure>\n<\/div>\n\n\n\n<div class=\"wp-block-uagb-container uagb-block-dc56e8ba\">\n<div class=\"wp-block-uagb-info-box uagb-block-e24502d3 uagb-infobox__content-wrap  uagb-infobox-icon-above-title uagb-infobox-image-valign-top\"><div class=\"uagb-ifb-content\"><div class=\"uagb-ifb-title-wrap\"><h3 class=\"uagb-ifb-title\">Sonnenstrom nutzen &#8211; Ihr Wohnklima kostenlos optimieren<\/h3><\/div><p class=\"uagb-ifb-desc\"><strong>Maximale Energieeffizienz<\/strong>: Nutzen Sie Ihren Sonnenstrom optimal und sparen Sie Energiekosten.<br><br><strong>Vielseitige Klimatisierung<\/strong>: K\u00fchlung, Heizung, Luftreinigung,<br>Entfeuchtung und Ventilation in einem Ger\u00e4t.<br><br><strong>Saubere Luft<\/strong>: Hochwertige Filter sorgen f\u00fcr allergenfreie und frische<br>Raumluft.<br><br><strong>Fl\u00fcsterleiser Betrieb<\/strong>: Genie\u00dfen Sie hohen Komfort ohne st\u00f6rende<br>Ger\u00e4usche.<br><br><strong>Einfache Steu<\/strong>erung: Bequem per App oder Sprachsteuerung.<br><br><strong>Schnelles Aufheizen\/K\u00fchlen<\/strong>: Erreichen Sie schnell die gew\u00fcnschte<br>Temperatur.<br><br><strong>Stilvolles Design<\/strong>: Passt sich elegant in jede Wohnumgebung ein.<br><br><strong>H\u00f6chste Energieeffizienz<\/strong>: Sparen Sie Energie mit der Klasse A+++.<\/p><\/div><\/div>\n\n\n\n<p class=\"has-text-align-left\">Klimager\u00e4te bieten maximale Effizienz durch direkte Nutzung von Sonnenenergie \u2013 die ideale Kombination f\u00fcr nachhaltigen Komfort<\/p>\n\n\n\n<div class=\"wp-block-group is-nowrap is-layout-flex wp-container-core-group-is-layout-6c531013 wp-block-group-is-layout-flex\">\n<figure class=\"wp-block-image size-medium is-resized\"><img decoding=\"async\" src=\"https:\/\/www.gstech.at\/testsuntracker\/wp-content\/uploads\/2024\/09\/GS-Technik-Flyer-A4-Suntracker-5000R.pdf-1-212x300.jpg\" alt=\"\" style=\"width:552px;height:auto\"\/><\/figure>\n<\/div>\n\n\n\n<div class=\"wp-block-uagb-container uagb-block-a3773a20\">\n<div class=\"wp-block-uagb-container uagb-block-3bbeeded\">\n<div class=\"wp-block-group is-nowrap is-layout-flex wp-container-core-group-is-layout-6c531013 wp-block-group-is-layout-flex\">\n<div class=\"wp-block-uagb-container uagb-block-20bcfc79\"><\/div>\n<\/div>\n<\/div>\n<\/div>\n<\/div>\n<\/div><\/div>\n","protected":false},"excerpt":{"rendered":"<p>Klimager\u00e4te bieten maximale Effizienz durch direkte Nutzung von Sonnenenergie \u2013 die ideale Kombination f\u00fcr nachhaltigen Komfort<\/p>\n","protected":false},"author":1,"featured_media":0,"parent":0,"menu_order":0,"comment_status":"closed","ping_status":"closed","template":"","meta":{"_uag_custom_page_level_css":"","site-sidebar-layout":"default","site-content-layout":"","ast-site-content-layout":"default","site-content-style":"default","site-sidebar-style":"default","ast-global-header-display":"","ast-banner-title-visibility":"","ast-main-header-display":"","ast-hfb-above-header-display":"","ast-hfb-below-header-display":"","ast-hfb-mobile-header-display":"","site-post-title":"disabled","ast-breadcrumbs-content":"","ast-featured-img":"","footer-sml-layout":"","theme-transparent-header-meta":"","adv-header-id-meta":"","stick-header-meta":"","header-above-stick-meta":"","header-main-stick-meta":"","header-below-stick-meta":"","astra-migrate-meta-layouts":"set","ast-page-background-enabled":"default","ast-page-background-meta":{"desktop":{"background-color":"var(--ast-global-color-4)","background-image":"","background-repeat":"repeat","background-position":"center center","background-size":"auto","background-attachment":"scroll","background-type":"","background-media":"","overlay-type":"","overlay-color":"","overlay-opacity":"","overlay-gradient":""},"tablet":{"background-color":"","background-image":"","background-repeat":"repeat","background-position":"center center","background-size":"auto","background-attachment":"scroll","background-type":"","background-media":"","overlay-type":"","overlay-color":"","overlay-opacity":"","overlay-gradient":""},"mobile":{"background-color":"","background-image":"","background-repeat":"repeat","background-position":"center center","background-size":"auto","background-attachment":"scroll","background-type":"","background-media":"","overlay-type":"","overlay-color":"","overlay-opacity":"","overlay-gradient":""}},"ast-content-background-meta":{"desktop":{"background-color":"var(--ast-global-color-5)","background-image":"","background-repeat":"repeat","background-position":"center center","background-size":"auto","background-attachment":"scroll","background-type":"","background-media":"","overlay-type":"","overlay-color":"","overlay-opacity":"","overlay-gradient":""},"tablet":{"background-color":"var(--ast-global-color-5)","background-image":"","background-repeat":"repeat","background-position":"center center","background-size":"auto","background-attachment":"scroll","background-type":"","background-media":"","overlay-type":"","overlay-color":"","overlay-opacity":"","overlay-gradient":""},"mobile":{"background-color":"var(--ast-global-color-5)","background-image":"","background-repeat":"repeat","background-position":"center center","background-size":"auto","background-attachment":"scroll","background-type":"","background-media":"","overlay-type":"","overlay-color":"","overlay-opacity":"","overlay-gradient":""}},"ngg_post_thumbnail":0,"footnotes":""},"class_list":["post-5121","page","type-page","status-publish","hentry"],"uagb_featured_image_src":{"full":false,"thumbnail":false,"medium":false,"medium_large":false,"large":false,"1536x1536":false,"2048x2048":false},"uagb_author_info":{"display_name":"GS Technik Produktions-und VertriebsGmbH","author_link":"https:\/\/www.gstech.at\/testsuntracker\/author\/gs-technik-produktions-und-vertriebsgmbh\/"},"uagb_comment_info":0,"uagb_excerpt":"Klimager\u00e4te bieten maximale Effizienz durch direkte Nutzung von Sonnenenergie \u2013 die ideale Kombination f\u00fcr nachhaltigen Komfort","_links":{"self":[{"href":"https:\/\/www.gstech.at\/testsuntracker\/wp-json\/wp\/v2\/pages\/5121","targetHints":{"allow":["GET"]}}],"collection":[{"href":"https:\/\/www.gstech.at\/testsuntracker\/wp-json\/wp\/v2\/pages"}],"about":[{"href":"https:\/\/www.gstech.at\/testsuntracker\/wp-json\/wp\/v2\/types\/page"}],"author":[{"embeddable":true,"href":"https:\/\/www.gstech.at\/testsuntracker\/wp-json\/wp\/v2\/users\/1"}],"replies":[{"embeddable":true,"href":"https:\/\/www.gstech.at\/testsuntracker\/wp-json\/wp\/v2\/comments?post=5121"}],"version-history":[{"count":15,"href":"https:\/\/www.gstech.at\/testsuntracker\/wp-json\/wp\/v2\/pages\/5121\/revisions"}],"predecessor-version":[{"id":5634,"href":"https:\/\/www.gstech.at\/testsuntracker\/wp-json\/wp\/v2\/pages\/5121\/revisions\/5634"}],"wp:attachment":[{"href":"https:\/\/www.gstech.at\/testsuntracker\/wp-json\/wp\/v2\/media?parent=5121"}],"curies":[{"name":"wp","href":"https:\/\/api.w.org\/{rel}","templated":true}]}}